{"id":24,"date":"2025-03-13T21:01:59","date_gmt":"2025-03-13T20:01:59","guid":{"rendered":"https:\/\/www.wmwapp.com\/?page_id=24"},"modified":"2025-03-28T09:55:03","modified_gmt":"2025-03-28T08:55:03","slug":"uvod","status":"publish","type":"page","link":"https:\/\/www.wmwapp.com\/sk\/","title":{"rendered":"\u00davod"},"content":{"rendered":"","protected":false},"excerpt":{"rendered":"","protected":false},"author":1,"featured_media":0,"parent":0,"menu_order":0,"comment_status":"closed","ping_status":"closed","template":"template-homepage.php","meta":{"_acf_changed":false,"inline_featured_image":false,"footnotes":""},"class_list":["post-24","page","type-page","status-publish","hentry"],"acf":[],"yoast_head":"<!-- This site is optimized with the Yoast SEO plugin v24.7 - https:\/\/yoast.com\/wordpress\/plugins\/seo\/ -->\n<title>Revolu\u010dn\u00e1 aplik\u00e1cia ktor\u00e1 prep\u00e1ja n\u00e1bor\u00e1rov a z\u00e1ujemcov o pr\u00e1cu - WMW<\/title>\n<meta name=\"description\" content=\"Aplik\u00e1cia prin\u00e1\u0161a efekt\u00edvny a pr\u00edjemn\u00fd sp\u00f4sob pre \u00fa\u010dely h\u013eadania pr\u00e1ce a obsadzovanie pracovn\u00fdch poz\u00edci\u00ed. Platforma, ktor\u00e1 prep\u00e1ja \u013eud\u00ed...\" \/>\n<meta name=\"robots\" content=\"index, follow, max-snippet:-1, max-image-preview:large, max-video-preview:-1\" \/>\n<link rel=\"canonical\" href=\"https:\/\/www.wmwapp.com\/sk\/\" \/>\n<meta property=\"og:locale\" content=\"sk_SK\" \/>\n<meta property=\"og:type\" content=\"article\" \/>\n<meta property=\"og:title\" content=\"Revolu\u010dn\u00e1 aplik\u00e1cia ktor\u00e1 prep\u00e1ja n\u00e1bor\u00e1rov a z\u00e1ujemcov o pr\u00e1cu - WMW\" \/>\n<meta property=\"og:description\" content=\"Aplik\u00e1cia prin\u00e1\u0161a efekt\u00edvny a pr\u00edjemn\u00fd sp\u00f4sob pre \u00fa\u010dely h\u013eadania pr\u00e1ce a obsadzovanie pracovn\u00fdch poz\u00edci\u00ed. Platforma, ktor\u00e1 prep\u00e1ja \u013eud\u00ed...\" \/>\n<meta property=\"og:url\" content=\"https:\/\/www.wmwapp.com\/sk\/\" \/>\n<meta property=\"og:site_name\" content=\"WMW\" \/>\n<meta property=\"article:modified_time\" content=\"2025-03-28T08:55:03+00:00\" \/>\n<meta name=\"twitter:card\" content=\"summary_large_image\" \/>\n<script type=\"application\/ld+json\" class=\"yoast-schema-graph\">{\"@context\":\"https:\/\/schema.org\",\"@graph\":[{\"@type\":\"WebPage\",\"@id\":\"https:\/\/www.wmwapp.com\/sk\/\",\"url\":\"https:\/\/www.wmwapp.com\/sk\/\",\"name\":\"Revolu\u010dn\u00e1 aplik\u00e1cia ktor\u00e1 prep\u00e1ja n\u00e1bor\u00e1rov a z\u00e1ujemcov o pr\u00e1cu - WMW\",\"isPartOf\":{\"@id\":\"https:\/\/www.wmwapp.com\/sk\/#website\"},\"datePublished\":\"2025-03-13T20:01:59+00:00\",\"dateModified\":\"2025-03-28T08:55:03+00:00\",\"description\":\"Aplik\u00e1cia prin\u00e1\u0161a efekt\u00edvny a pr\u00edjemn\u00fd sp\u00f4sob pre \u00fa\u010dely h\u013eadania pr\u00e1ce a obsadzovanie pracovn\u00fdch poz\u00edci\u00ed. Platforma, ktor\u00e1 prep\u00e1ja \u013eud\u00ed...\",\"breadcrumb\":{\"@id\":\"https:\/\/www.wmwapp.com\/sk\/#breadcrumb\"},\"inLanguage\":\"sk-SK\",\"potentialAction\":[{\"@type\":\"ReadAction\",\"target\":[\"https:\/\/www.wmwapp.com\/sk\/\"]}]},{\"@type\":\"BreadcrumbList\",\"@id\":\"https:\/\/www.wmwapp.com\/sk\/#breadcrumb\",\"itemListElement\":[{\"@type\":\"ListItem\",\"position\":1,\"name\":\"Home\",\"item\":\"https:\/\/www.wmwapp.com\/sk\/\"},{\"@type\":\"ListItem\",\"position\":2,\"name\":\"\u00davod\"}]},{\"@type\":\"WebSite\",\"@id\":\"https:\/\/www.wmwapp.com\/sk\/#website\",\"url\":\"https:\/\/www.wmwapp.com\/sk\/\",\"name\":\"WMW\",\"description\":\"\",\"potentialAction\":[{\"@type\":\"SearchAction\",\"target\":{\"@type\":\"EntryPoint\",\"urlTemplate\":\"https:\/\/www.wmwapp.com\/sk\/?s={search_term_string}\"},\"query-input\":{\"@type\":\"PropertyValueSpecification\",\"valueRequired\":true,\"valueName\":\"search_term_string\"}}],\"inLanguage\":\"sk-SK\"}]}<\/script>\n<!-- \/ Yoast SEO plugin. -->","yoast_head_json":{"title":"Revolu\u010dn\u00e1 aplik\u00e1cia ktor\u00e1 prep\u00e1ja n\u00e1bor\u00e1rov a z\u00e1ujemcov o pr\u00e1cu - WMW","description":"Aplik\u00e1cia prin\u00e1\u0161a efekt\u00edvny a pr\u00edjemn\u00fd sp\u00f4sob pre \u00fa\u010dely h\u013eadania pr\u00e1ce a obsadzovanie pracovn\u00fdch poz\u00edci\u00ed. Platforma, ktor\u00e1 prep\u00e1ja \u013eud\u00ed...","robots":{"index":"index","follow":"follow","max-snippet":"max-snippet:-1","max-image-preview":"max-image-preview:large","max-video-preview":"max-video-preview:-1"},"canonical":"https:\/\/www.wmwapp.com\/sk\/","og_locale":"sk_SK","og_type":"article","og_title":"Revolu\u010dn\u00e1 aplik\u00e1cia ktor\u00e1 prep\u00e1ja n\u00e1bor\u00e1rov a z\u00e1ujemcov o pr\u00e1cu - WMW","og_description":"Aplik\u00e1cia prin\u00e1\u0161a efekt\u00edvny a pr\u00edjemn\u00fd sp\u00f4sob pre \u00fa\u010dely h\u013eadania pr\u00e1ce a obsadzovanie pracovn\u00fdch poz\u00edci\u00ed. Platforma, ktor\u00e1 prep\u00e1ja \u013eud\u00ed...","og_url":"https:\/\/www.wmwapp.com\/sk\/","og_site_name":"WMW","article_modified_time":"2025-03-28T08:55:03+00:00","twitter_card":"summary_large_image","schema":{"@context":"https:\/\/schema.org","@graph":[{"@type":"WebPage","@id":"https:\/\/www.wmwapp.com\/sk\/","url":"https:\/\/www.wmwapp.com\/sk\/","name":"Revolu\u010dn\u00e1 aplik\u00e1cia ktor\u00e1 prep\u00e1ja n\u00e1bor\u00e1rov a z\u00e1ujemcov o pr\u00e1cu - WMW","isPartOf":{"@id":"https:\/\/www.wmwapp.com\/sk\/#website"},"datePublished":"2025-03-13T20:01:59+00:00","dateModified":"2025-03-28T08:55:03+00:00","description":"Aplik\u00e1cia prin\u00e1\u0161a efekt\u00edvny a pr\u00edjemn\u00fd sp\u00f4sob pre \u00fa\u010dely h\u013eadania pr\u00e1ce a obsadzovanie pracovn\u00fdch poz\u00edci\u00ed. Platforma, ktor\u00e1 prep\u00e1ja \u013eud\u00ed...","breadcrumb":{"@id":"https:\/\/www.wmwapp.com\/sk\/#breadcrumb"},"inLanguage":"sk-SK","potentialAction":[{"@type":"ReadAction","target":["https:\/\/www.wmwapp.com\/sk\/"]}]},{"@type":"BreadcrumbList","@id":"https:\/\/www.wmwapp.com\/sk\/#breadcrumb","itemListElement":[{"@type":"ListItem","position":1,"name":"Home","item":"https:\/\/www.wmwapp.com\/sk\/"},{"@type":"ListItem","position":2,"name":"\u00davod"}]},{"@type":"WebSite","@id":"https:\/\/www.wmwapp.com\/sk\/#website","url":"https:\/\/www.wmwapp.com\/sk\/","name":"WMW","description":"","potentialAction":[{"@type":"SearchAction","target":{"@type":"EntryPoint","urlTemplate":"https:\/\/www.wmwapp.com\/sk\/?s={search_term_string}"},"query-input":{"@type":"PropertyValueSpecification","valueRequired":true,"valueName":"search_term_string"}}],"inLanguage":"sk-SK"}]}},"_links":{"self":[{"href":"https:\/\/www.wmwapp.com\/sk\/wp-json\/wp\/v2\/pages\/24","targetHints":{"allow":["GET"]}}],"collection":[{"href":"https:\/\/www.wmwapp.com\/sk\/wp-json\/wp\/v2\/pages"}],"about":[{"href":"https:\/\/www.wmwapp.com\/sk\/wp-json\/wp\/v2\/types\/page"}],"author":[{"embeddable":true,"href":"https:\/\/www.wmwapp.com\/sk\/wp-json\/wp\/v2\/users\/1"}],"replies":[{"embeddable":true,"href":"https:\/\/www.wmwapp.com\/sk\/wp-json\/wp\/v2\/comments?post=24"}],"version-history":[{"count":2,"href":"https:\/\/www.wmwapp.com\/sk\/wp-json\/wp\/v2\/pages\/24\/revisions"}],"predecessor-version":[{"id":544,"href":"https:\/\/www.wmwapp.com\/sk\/wp-json\/wp\/v2\/pages\/24\/revisions\/544"}],"wp:attachment":[{"href":"https:\/\/www.wmwapp.com\/sk\/wp-json\/wp\/v2\/media?parent=24"}],"curies":[{"name":"wp","href":"https:\/\/api.w.org\/{rel}","templated":true}]}}