{"id":391,"date":"2025-03-19T12:46:01","date_gmt":"2025-03-19T11:46:01","guid":{"rendered":"https:\/\/www.wmwapp.com\/kontakt\/"},"modified":"2025-03-26T13:33:41","modified_gmt":"2025-03-26T12:33:41","slug":"kontakt","status":"publish","type":"page","link":"https:\/\/www.wmwapp.com\/de\/kontakt\/","title":{"rendered":"Kontakt"},"content":{"rendered":"<div id=\"pl-391\"  class=\"panel-layout\" ><div id=\"pg-391-0\"  class=\"panel-grid panel-has-style\" ><div class=\"panel-row-style panel-row-style-for-391-0\" ><div id=\"pgc-391-0-0\"  class=\"panel-grid-cell\" ><div id=\"panel-391-0-0-0\" class=\"so-panel widget widget_sow-editor panel-first-child panel-last-child\" data-index=\"0\" ><div class=\"panel-widget-style panel-widget-style-for-391-0-0-0\" ><div\n\t\t\t\n\t\t\tclass=\"so-widget-sow-editor so-widget-sow-editor-base\"\n\t\t\t\n\t\t>\n<div class=\"siteorigin-widget-tinymce textwidget\">\n\t<p>Wenn Sie Anregungen oder Fragen haben, z\u00f6gern Sie bitte nicht, uns zu kontaktieren<\/p>\n<\/div>\n<\/div><\/div><\/div><\/div><div id=\"pgc-391-0-1\"  class=\"panel-grid-cell\" ><div id=\"panel-391-0-1-0\" class=\"so-panel widget widget_sow-editor panel-first-child panel-last-child\" data-index=\"1\" ><div class=\"contact-info panel-widget-style panel-widget-style-for-391-0-1-0\" ><div\n\t\t\t\n\t\t\tclass=\"so-widget-sow-editor so-widget-sow-editor-base\"\n\t\t\t\n\t\t>\n<div class=\"siteorigin-widget-tinymce textwidget\">\n\t<h2><a href=\"mailto:info@wmwapp.com\">info@wmwapp.com<\/a><\/h2>\n<h2><a href=\"tel: 0905 222 111\">0905 222 111<\/a><\/h2>\n<\/div>\n<\/div><\/div><\/div><\/div><\/div><\/div><div id=\"pg-391-1\"  class=\"panel-grid panel-has-style\" ><div class=\"panel-row-style panel-row-style-for-391-1\" ><div id=\"pgc-391-1-0\"  class=\"panel-grid-cell\" ><div id=\"panel-391-1-0-0\" class=\"so-panel widget widget_sow-editor panel-first-child panel-last-child\" data-index=\"2\" ><div class=\"panel-widget-style panel-widget-style-for-391-1-0-0\" ><div\n\t\t\t\n\t\t\tclass=\"so-widget-sow-editor so-widget-sow-editor-base\"\n\t\t\t\n\t\t>\n<div class=\"siteorigin-widget-tinymce textwidget\">\n\t<p><strong>Rechnungsdaten<\/strong><\/p>\n<p>ID-Nr.: 51 195 771<br \/>\nMwSt.-Nr.: 2120628840<br \/>\nMwSt.-Nr.: SK2120628840<\/p>\n<\/div>\n<\/div><\/div><\/div><\/div><div id=\"pgc-391-1-1\"  class=\"panel-grid-cell\" ><div id=\"panel-391-1-1-0\" class=\"so-panel widget widget_siteorigin-panels-builder panel-first-child panel-last-child\" data-index=\"3\" ><div class=\"panel-widget-style panel-widget-style-for-391-1-1-0\" ><div id=\"pl-w67dab03337742\"  class=\"panel-layout\" ><div id=\"pg-w67dab03337742-0\"  class=\"panel-grid panel-no-style\" ><div id=\"pgc-w67dab03337742-0-0\"  class=\"panel-grid-cell\" ><div id=\"panel-w67dab03337742-0-0-0\" class=\"so-panel widget widget_sow-editor panel-first-child panel-last-child\" data-index=\"0\" ><div\n\t\t\t\n\t\t\tclass=\"so-widget-sow-editor so-widget-sow-editor-base\"\n\t\t\t\n\t\t>\n<div class=\"siteorigin-widget-tinymce textwidget\">\n\t<p><strong>Unternehmen<\/strong><\/p>\n<p>WxW, s.r.o.<br \/>Kellerova 1<br \/>085 01 Bardejov, SR<\/p>\n<\/div>\n<\/div><\/div><\/div><div id=\"pgc-w67dab03337742-0-1\"  class=\"panel-grid-cell\" ><div id=\"panel-w67dab03337742-0-1-0\" class=\"so-panel widget widget_sow-editor panel-first-child panel-last-child\" data-index=\"1\" ><div\n\t\t\t\n\t\t\tclass=\"so-widget-sow-editor so-widget-sow-editor-base\"\n\t\t\t\n\t\t>\n<div class=\"siteorigin-widget-tinymce textwidget\">\n\t<p><strong>Hauptsitz Bardejov<\/strong><\/p>\n<p>Kellerova 1<br \/>085 01 Bardejov<br \/>Slowakische Republik<\/p>\n<\/div>\n<\/div><\/div><\/div><div id=\"pgc-w67dab03337742-0-2\"  class=\"panel-grid-cell\" ><div id=\"panel-w67dab03337742-0-2-0\" class=\"so-panel widget widget_sow-editor panel-first-child panel-last-child\" data-index=\"2\" ><div\n\t\t\t\n\t\t\tclass=\"so-widget-sow-editor so-widget-sow-editor-base\"\n\t\t\t\n\t\t>\n<div class=\"siteorigin-widget-tinymce textwidget\">\n\t<p><strong>B\u00fcro Nitra<\/strong><\/p>\n<p>Vin\u00e1rska 1<br \/>951 41 Nitra-Lu\u017eianky<br \/>Slowakische Republik<\/p>\n<\/div>\n<\/div><\/div><\/div><\/div><\/div><\/div><\/div><\/div><\/div><\/div><div id=\"pg-391-2\"  class=\"panel-grid panel-has-style\" ><div class=\"siteorigin-panels-stretch panel-row-style panel-row-style-for-391-2\" data-stretch-type=\"full-width-stretch\" ><div id=\"pgc-391-2-0\"  class=\"panel-grid-cell\" ><div id=\"panel-391-2-0-0\" class=\"so-panel widget widget_text panel-first-child\" data-index=\"4\" >\t\t\t<div class=\"textwidget\"><div class=\"section contact\">\n    <div class=\"row in-grid\">\n        <div class=\"columns-wrapper middle\">\n            <div class=\"col-6 contact-image\" data-aos=\"fade-up\" data-aos-delay=\"200\">\n                <!--<img decoding=\"async\" src=\"\/wp-content\/uploads\/2025\/03\/Group-239.png\">-->\n\t\t\t\t<img decoding=\"async\" src=\"\/wp-content\/img\/footer-img\/footer-de.png\">\n            <\/div>\n            <div class=\"col-6 contact-form\" data-aos=\"fade-up\" data-aos-delay=\"300\">\n                <h2>Effizientere Rekrutierung<\/h2>\n                <p>Kontaktieren Sie uns, um mehr dar\u00fcber zu erfahren, wie unsere App Ihnen helfen kann.<\/p>\n                \n<div class=\"wpcf7 no-js\" id=\"wpcf7-f474-o1\" lang=\"de-DE\" dir=\"ltr\" data-wpcf7-id=\"474\">\n<div class=\"screen-reader-response\"><p role=\"status\" aria-live=\"polite\" aria-atomic=\"true\"><\/p> <ul><\/ul><\/div>\n<form action=\"\/de\/wp-json\/wp\/v2\/pages\/391#wpcf7-f474-o1\" method=\"post\" class=\"wpcf7-form init wpcf7-acceptance-as-validation\" aria-label=\"Kontaktformular\" novalidate=\"novalidate\" data-status=\"init\">\n<div style=\"display: none;\">\n<input type=\"hidden\" name=\"_wpcf7\" value=\"474\" \/>\n<input type=\"hidden\" name=\"_wpcf7_version\" value=\"6.0.5\" \/>\n<input type=\"hidden\" name=\"_wpcf7_locale\" value=\"de_DE\" \/>\n<input type=\"hidden\" name=\"_wpcf7_unit_tag\" value=\"wpcf7-f474-o1\" \/>\n<input type=\"hidden\" name=\"_wpcf7_container_post\" value=\"0\" \/>\n<input type=\"hidden\" name=\"_wpcf7_posted_data_hash\" value=\"\" \/>\n<input type=\"hidden\" name=\"_wpcf7_recaptcha_response\" value=\"\" \/>\n<\/div>\n<div class=\"columns-wrapper\">\n<div class=\"col-6\">\n     <span class=\"wpcf7-form-control-wrap\" data-name=\"field-meno\"><input size=\"40\" maxlength=\"400\" class=\"wpcf7-form-control wpcf7-text wpcf7-validates-as-required\" aria-required=\"true\" aria-invalid=\"false\" placeholder=\"Name\" value=\"\" type=\"text\" name=\"field-meno\" \/><\/span>\n<\/div>\n<div class=\"col-6\">\n     <span class=\"wpcf7-form-control-wrap\" data-name=\"firma\"><input size=\"40\" maxlength=\"400\" class=\"wpcf7-form-control wpcf7-text\" aria-invalid=\"false\" placeholder=\"Unternehmen\" value=\"\" type=\"text\" name=\"firma\" \/><\/span>\n<\/div>\n<\/div>\n\n<div class=\"columns-wrapper\">\n<div class=\"col-6\">\n     <span class=\"wpcf7-form-control-wrap\" data-name=\"field-telefon\"><input size=\"40\" maxlength=\"400\" class=\"wpcf7-form-control wpcf7-text\" aria-invalid=\"false\" placeholder=\"Telefon\" value=\"\" type=\"text\" name=\"field-telefon\" \/><\/span>\n<\/div>\n<div class=\"col-6\">\n     <span class=\"wpcf7-form-control-wrap\" data-name=\"field-email\"><input size=\"40\" maxlength=\"400\" class=\"wpcf7-form-control wpcf7-email wpcf7-validates-as-required wpcf7-text wpcf7-validates-as-email\" aria-required=\"true\" aria-invalid=\"false\" placeholder=\"E-Mail\" value=\"\" type=\"email\" name=\"field-email\" \/><\/span>\n<\/div>\n<\/div>\n\n<span class=\"wpcf7-form-control-wrap\" data-name=\"field-sprava\"><textarea cols=\"40\" rows=\"10\" maxlength=\"2000\" class=\"wpcf7-form-control wpcf7-textarea\" aria-invalid=\"false\" placeholder=\"Bericht\" name=\"field-sprava\"><\/textarea><\/span>\n\n<div class=\"gdpr\">  \n     <span class=\"wpcf7-form-control-wrap\" data-name=\"gdpr\"><span class=\"wpcf7-form-control wpcf7-acceptance\"><span class=\"wpcf7-list-item\"><label><input type=\"checkbox\" name=\"gdpr\" value=\"1\" aria-invalid=\"false\" \/><span class=\"wpcf7-list-item-label\">Ich bin mit der <a href=\"\/ochrana-sukromia\/\" target=\"_blank\">Verarbeitung personenbezogener Daten<\/a> einverstanden<\/span><\/label><\/span><\/span><\/span>\n<\/div>\n\n<div class=\"btn-wrapper\"> \n<button type=\"submit\" class=\"main-btn\" role=\"button\">Senden an<\/button>\n<\/div><div class=\"wpcf7-response-output\" aria-hidden=\"true\"><\/div>\n<\/form>\n<\/div>\n            <\/div>\n        <\/div>\n    <\/div>\n<\/div>\n\n\n\n<\/div>\n\t\t<\/div><div id=\"panel-391-2-0-1\" class=\"so-panel widget widget_text panel-last-child\" data-index=\"5\" >\t\t\t<div class=\"textwidget\"><div class=\"section faq\">\n    <div class=\"row in-grid\">\n        <div class=\"columns-wrapper\">\n            <div class=\"col-4\">\n                <h2 data-aos=\"fade-up\" data-aos-delay=\"200\" data-aos-offset=\"250\">FAQ<\/h2>\n                <p data-aos=\"fade-up\" data-aos-delay=\"200\" data-aos-offset=\"250\">Antworten auf h\u00e4ufig gestellte Fragen<\/p>\n            <\/div>\n            <div class=\"col-8\">\n                <ul class=\"faq-list\">\n                    <li class=\"faq-item\" data-aos=\"fade-up\" data-aos-delay=\"250\" data-aos-offset=\"250\">\n                        <h3 class=\"faq-heading\">Was bringt die App?<\/h3>\n                        <div class=\"faq-text\"><p>Die WMWapp bietet eine einfache und effektive L\u00f6sung f\u00fcr die Suche nach Stellenangeboten, das Ausf\u00fcllen von Online-Vorstellungsgespr\u00e4chen und die Verwaltung Ihrer Karriere aus einer Hand. Das macht den gesamten Prozess einfacher, spart Zeit und erm\u00f6glicht es Ihnen, sich auf das Wesentliche zu konzentrieren. <\/p><\/div>\n                    <\/li>\n                    <li class=\"faq-item\" data-aos=\"fade-up\" data-aos-delay=\"250\" data-aos-offset=\"250\">\n                        <h3 class=\"faq-heading\">Wie funktioniert das?<\/h3>\n                        <div class=\"faq-text\"><ul>\n\t\t\t\t\t\t\t<li>1. die Registrierung und Profilerstellung: Zun\u00e4chst laden Sie die App herunter, registrieren sich und f\u00fcllen Ihr Profil mit Ihren F\u00e4higkeiten, Erfahrungen und Vorlieben aus.<\/li>\n<li>2. Stellensuche: Auf der Grundlage Ihres Profils bietet Ihnen die App relevante Stellenangebote, und alle Angebote sind immer aktuell.<\/li>\n<li>3. Online-Interviews.<\/li>\n<li>4. Karrieremanagement.<\/li>\n<\/ul><\/div>\n                    <\/li>\n                    <li class=\"faq-item\" data-aos=\"fade-up\" data-aos-delay=\"250\" data-aos-offset=\"250\">\n                        <h3 class=\"faq-heading\">Ist die App kostenlos?<\/h3>\n                        <div class=\"faq-text\"><p>Ja, die WMWapp ist als kostenloser Download erh\u00e4ltlich. Sie kann jedoch optionale Funktionen oder kostenpflichtige Dienste enthalten, die Ihnen helfen k\u00f6nnen, Ihr berufliches Profil noch weiter zu verbessern. Ich empfehle Ihnen, sich die Details direkt in der App oder auf der offiziellen Website anzusehen, um vollst\u00e4ndige Informationen zu erhalten.  <\/p><\/div>\n                    <\/li>\n                    <li class=\"faq-item\" data-aos=\"fade-up\" data-aos-delay=\"250\" data-aos-offset=\"250\">\n\t\t\t\t\t\t<h3 class=\"faq-heading\">Wie k\u00f6nnen Sie Ihr Profil f\u00fcr bessere Ergebnisse optimieren?<\/h3>\n                        <div class=\"faq-text\"><ul>\n\t\t\t\t\t\t\t<li>1. die Vollst\u00e4ndigkeit des Profils: Stellen Sie sicher, dass Ihr Profil alle erforderlichen Informationen enth\u00e4lt. F\u00fcllen Sie die Abschnitte \u00fcber Ihre Berufserfahrung, F\u00e4higkeiten, Ausbildung und Pr\u00e4ferenzen aus. <\/li>\n<li>2. Schl\u00fcsselw\u00f6rter: Verwenden Sie relevante Schl\u00fcsselw\u00f6rter, die Ihre F\u00e4higkeiten und Ihr Fachgebiet widerspiegeln. So wird Ihr Profil bei der Suche nach Arbeitgebern auftauchen. <\/li>\n<li>3. Professionelle Fotografie.<\/li>\n<li>4. Profil-Updates.<\/li>\n<li>5. Personalisierte Informationen.<\/li>\n<li>6. Positive Sprache: Verwenden Sie eine positive und professionelle Sprache, die Ihre Motivation und Ihren Beitrag f\u00fcr den Arbeitgeber zeigt.<\/li>\n\t\t\t\t\t\t\t<\/ul><\/div>\n                    <\/li>\n                    <li class=\"faq-item\" data-aos=\"fade-up\" data-aos-delay=\"250\" data-aos-offset=\"250\">\n                        <h3 class=\"faq-heading\">Was sind die Funktionen der App?<\/h3>\n                        <div class=\"faq-text\"><ul>\n<li>1) Stellensuche: \u00dcbersicht \u00fcber aktuelle Stellenangebote auf der Grundlage der Benutzerpr\u00e4ferenzen.<\/li>\n<li>2. Online-Interviews.<\/li>\n<li>3. Profilverwaltung.<\/li>\n<li>4. Benachrichtigungen.<\/li>\n<li>5. Bewerbungshistorie: \u00dcbersicht und Verfolgung der eingereichten Bewerbungen.<\/li>\n<li>6. Personalisierte Empfehlungen.<\/li>\n<\/ul><\/div>\n                    <\/li>\n                    <li class=\"faq-item\" data-aos=\"fade-up\" data-aos-delay=\"250\" data-aos-offset=\"250\">\n                        <h3 class=\"faq-heading\">F\u00fcr wen ist die App gedacht?<\/h3>\n                        <div class=\"faq-text\"><p>Die App wurde entwickelt, um eine moderne und effiziente Karrieremanagementl\u00f6sung f\u00fcr alle zu bieten, die ihre Karrierechancen optimieren m\u00f6chten. Sie bietet einen einfachen Zugang zu einer Vielzahl von Funktionen, die die Stellensuche, das F\u00fchren von Vorstellungsgespr\u00e4chen und die Verfolgung Ihrer beruflichen Entwicklung erleichtern. Ganz gleich, ob Sie ein erfahrener Berufst\u00e4tiger sind, der eine neue Herausforderung sucht, ein Hochschulabsolvent, der am Anfang seiner beruflichen Laufbahn steht, oder ein Arbeitgeber, der auf der Suche nach qualifizierten Bewerbern ist - diese App bietet Ihnen intuitive und effektive Tools, um Ihre Ziele zu erreichen. Sie ist der perfekte Begleiter f\u00fcr alle, die ihr Berufsleben selbst in die Hand nehmen und dabei Zeit und Energie sparen wollen.   <\/p><\/div>\n                    <\/li>\n                    <li class=\"faq-item\" data-aos=\"fade-up\" data-aos-delay=\"250\" data-aos-offset=\"250\">\n                        <h3 class=\"faq-heading\">Wo kann ich die App herunterladen?<\/h3>\n                        <div class=\"faq-text\"><p>Sie k\u00f6nnen die App aus den offiziellen App-Stores wie Google Play f\u00fcr Android-Ger\u00e4te und dem App Store f\u00fcr iOS-Ger\u00e4te herunterladen.<\/p><\/div>\n                    <\/li>\n                <\/ul> \n            <\/div>\n        <\/div>\n    <\/div>\n<\/div>\n\n\n\n<\/div>\n\t\t<\/div><\/div><\/div><\/div><\/div>","protected":false},"excerpt":{"rendered":"<p>Wenn Sie Anregungen oder Fragen haben, z\u00f6gern Sie bitte nicht, uns zu kontaktieren info@wmwapp.com 0905 222 111 Rechnungsdaten ID-Nr.: 51 195 771 MwSt.-Nr.: 2120628840 MwSt.-Nr.: SK2120628840<\/p>\n","protected":false},"author":3,"featured_media":353,"parent":0,"menu_order":0,"comment_status":"closed","ping_status":"closed","template":"","meta":{"_acf_changed":false,"inline_featured_image":false,"footnotes":""},"class_list":["post-391","page","type-page","status-publish","has-post-thumbnail","hentry"],"acf":[],"yoast_head":"<!-- This site is optimized with the Yoast SEO plugin v24.7 - https:\/\/yoast.com\/wordpress\/plugins\/seo\/ -->\n<title>Kontakt - WMW<\/title>\n<meta name=\"robots\" content=\"index, follow, max-snippet:-1, max-image-preview:large, max-video-preview:-1\" \/>\n<link rel=\"canonical\" href=\"https:\/\/www.wmwapp.com\/de\/kontakt\/\" \/>\n<meta property=\"og:locale\" content=\"de_DE\" \/>\n<meta property=\"og:type\" content=\"article\" \/>\n<meta property=\"og:title\" content=\"Kontakt - WMW\" \/>\n<meta property=\"og:description\" content=\"Wenn Sie Anregungen oder Fragen haben, z\u00f6gern Sie bitte nicht, uns zu kontaktieren info@wmwapp.com 0905 222 111 Rechnungsdaten ID-Nr.: 51 195 771 MwSt.-Nr.: 2120628840 MwSt.-Nr.: SK2120628840\" \/>\n<meta property=\"og:url\" content=\"https:\/\/www.wmwapp.com\/de\/kontakt\/\" \/>\n<meta property=\"og:site_name\" content=\"WMW\" \/>\n<meta property=\"article:modified_time\" content=\"2025-03-26T12:33:41+00:00\" \/>\n<meta property=\"og:image\" content=\"https:\/\/www.wmwapp.com\/wp-content\/uploads\/2025\/03\/closeup-persons-hand-holding-interacting-with-black-smartphone.png\" \/>\n\t<meta property=\"og:image:width\" content=\"2500\" \/>\n\t<meta property=\"og:image:height\" content=\"1182\" \/>\n\t<meta property=\"og:image:type\" content=\"image\/png\" \/>\n<meta name=\"twitter:card\" content=\"summary_large_image\" \/>\n<meta name=\"twitter:label1\" content=\"Gesch\u00e4tzte Lesezeit\" \/>\n\t<meta name=\"twitter:data1\" content=\"4\u00a0Minuten\" \/>\n<script type=\"application\/ld+json\" class=\"yoast-schema-graph\">{\"@context\":\"https:\/\/schema.org\",\"@graph\":[{\"@type\":\"WebPage\",\"@id\":\"https:\/\/www.wmwapp.com\/de\/kontakt\/\",\"url\":\"https:\/\/www.wmwapp.com\/de\/kontakt\/\",\"name\":\"Kontakt - WMW\",\"isPartOf\":{\"@id\":\"https:\/\/www.wmwapp.com\/de\/#website\"},\"primaryImageOfPage\":{\"@id\":\"https:\/\/www.wmwapp.com\/de\/kontakt\/#primaryimage\"},\"image\":{\"@id\":\"https:\/\/www.wmwapp.com\/de\/kontakt\/#primaryimage\"},\"thumbnailUrl\":\"https:\/\/www.wmwapp.com\/wp-content\/uploads\/2025\/03\/closeup-persons-hand-holding-interacting-with-black-smartphone.png\",\"datePublished\":\"2025-03-19T11:46:01+00:00\",\"dateModified\":\"2025-03-26T12:33:41+00:00\",\"breadcrumb\":{\"@id\":\"https:\/\/www.wmwapp.com\/de\/kontakt\/#breadcrumb\"},\"inLanguage\":\"de\",\"potentialAction\":[{\"@type\":\"ReadAction\",\"target\":[\"https:\/\/www.wmwapp.com\/de\/kontakt\/\"]}]},{\"@type\":\"ImageObject\",\"inLanguage\":\"de\",\"@id\":\"https:\/\/www.wmwapp.com\/de\/kontakt\/#primaryimage\",\"url\":\"https:\/\/www.wmwapp.com\/wp-content\/uploads\/2025\/03\/closeup-persons-hand-holding-interacting-with-black-smartphone.png\",\"contentUrl\":\"https:\/\/www.wmwapp.com\/wp-content\/uploads\/2025\/03\/closeup-persons-hand-holding-interacting-with-black-smartphone.png\",\"width\":2500,\"height\":1182},{\"@type\":\"BreadcrumbList\",\"@id\":\"https:\/\/www.wmwapp.com\/de\/kontakt\/#breadcrumb\",\"itemListElement\":[{\"@type\":\"ListItem\",\"position\":1,\"name\":\"Home\",\"item\":\"https:\/\/www.wmwapp.com\/de\/\"},{\"@type\":\"ListItem\",\"position\":2,\"name\":\"Kontakt\"}]},{\"@type\":\"WebSite\",\"@id\":\"https:\/\/www.wmwapp.com\/de\/#website\",\"url\":\"https:\/\/www.wmwapp.com\/de\/\",\"name\":\"WMW\",\"description\":\"\",\"potentialAction\":[{\"@type\":\"SearchAction\",\"target\":{\"@type\":\"EntryPoint\",\"urlTemplate\":\"https:\/\/www.wmwapp.com\/de\/?s={search_term_string}\"},\"query-input\":{\"@type\":\"PropertyValueSpecification\",\"valueRequired\":true,\"valueName\":\"search_term_string\"}}],\"inLanguage\":\"de\"}]}<\/script>\n<!-- \/ Yoast SEO plugin. -->","yoast_head_json":{"title":"Kontakt - WMW","robots":{"index":"index","follow":"follow","max-snippet":"max-snippet:-1","max-image-preview":"max-image-preview:large","max-video-preview":"max-video-preview:-1"},"canonical":"https:\/\/www.wmwapp.com\/de\/kontakt\/","og_locale":"de_DE","og_type":"article","og_title":"Kontakt - WMW","og_description":"Wenn Sie Anregungen oder Fragen haben, z\u00f6gern Sie bitte nicht, uns zu kontaktieren info@wmwapp.com 0905 222 111 Rechnungsdaten ID-Nr.: 51 195 771 MwSt.-Nr.: 2120628840 MwSt.-Nr.: SK2120628840","og_url":"https:\/\/www.wmwapp.com\/de\/kontakt\/","og_site_name":"WMW","article_modified_time":"2025-03-26T12:33:41+00:00","og_image":[{"width":2500,"height":1182,"url":"https:\/\/www.wmwapp.com\/wp-content\/uploads\/2025\/03\/closeup-persons-hand-holding-interacting-with-black-smartphone.png","type":"image\/png"}],"twitter_card":"summary_large_image","twitter_misc":{"Gesch\u00e4tzte Lesezeit":"4\u00a0Minuten"},"schema":{"@context":"https:\/\/schema.org","@graph":[{"@type":"WebPage","@id":"https:\/\/www.wmwapp.com\/de\/kontakt\/","url":"https:\/\/www.wmwapp.com\/de\/kontakt\/","name":"Kontakt - WMW","isPartOf":{"@id":"https:\/\/www.wmwapp.com\/de\/#website"},"primaryImageOfPage":{"@id":"https:\/\/www.wmwapp.com\/de\/kontakt\/#primaryimage"},"image":{"@id":"https:\/\/www.wmwapp.com\/de\/kontakt\/#primaryimage"},"thumbnailUrl":"https:\/\/www.wmwapp.com\/wp-content\/uploads\/2025\/03\/closeup-persons-hand-holding-interacting-with-black-smartphone.png","datePublished":"2025-03-19T11:46:01+00:00","dateModified":"2025-03-26T12:33:41+00:00","breadcrumb":{"@id":"https:\/\/www.wmwapp.com\/de\/kontakt\/#breadcrumb"},"inLanguage":"de","potentialAction":[{"@type":"ReadAction","target":["https:\/\/www.wmwapp.com\/de\/kontakt\/"]}]},{"@type":"ImageObject","inLanguage":"de","@id":"https:\/\/www.wmwapp.com\/de\/kontakt\/#primaryimage","url":"https:\/\/www.wmwapp.com\/wp-content\/uploads\/2025\/03\/closeup-persons-hand-holding-interacting-with-black-smartphone.png","contentUrl":"https:\/\/www.wmwapp.com\/wp-content\/uploads\/2025\/03\/closeup-persons-hand-holding-interacting-with-black-smartphone.png","width":2500,"height":1182},{"@type":"BreadcrumbList","@id":"https:\/\/www.wmwapp.com\/de\/kontakt\/#breadcrumb","itemListElement":[{"@type":"ListItem","position":1,"name":"Home","item":"https:\/\/www.wmwapp.com\/de\/"},{"@type":"ListItem","position":2,"name":"Kontakt"}]},{"@type":"WebSite","@id":"https:\/\/www.wmwapp.com\/de\/#website","url":"https:\/\/www.wmwapp.com\/de\/","name":"WMW","description":"","potentialAction":[{"@type":"SearchAction","target":{"@type":"EntryPoint","urlTemplate":"https:\/\/www.wmwapp.com\/de\/?s={search_term_string}"},"query-input":{"@type":"PropertyValueSpecification","valueRequired":true,"valueName":"search_term_string"}}],"inLanguage":"de"}]}},"_links":{"self":[{"href":"https:\/\/www.wmwapp.com\/de\/wp-json\/wp\/v2\/pages\/391","targetHints":{"allow":["GET"]}}],"collection":[{"href":"https:\/\/www.wmwapp.com\/de\/wp-json\/wp\/v2\/pages"}],"about":[{"href":"https:\/\/www.wmwapp.com\/de\/wp-json\/wp\/v2\/types\/page"}],"author":[{"embeddable":true,"href":"https:\/\/www.wmwapp.com\/de\/wp-json\/wp\/v2\/users\/3"}],"replies":[{"embeddable":true,"href":"https:\/\/www.wmwapp.com\/de\/wp-json\/wp\/v2\/comments?post=391"}],"version-history":[{"count":4,"href":"https:\/\/www.wmwapp.com\/de\/wp-json\/wp\/v2\/pages\/391\/revisions"}],"predecessor-version":[{"id":510,"href":"https:\/\/www.wmwapp.com\/de\/wp-json\/wp\/v2\/pages\/391\/revisions\/510"}],"wp:featuredmedia":[{"embeddable":true,"href":"https:\/\/www.wmwapp.com\/de\/wp-json\/wp\/v2\/media\/353"}],"wp:attachment":[{"href":"https:\/\/www.wmwapp.com\/de\/wp-json\/wp\/v2\/media?parent=391"}],"curies":[{"name":"wp","href":"https:\/\/api.w.org\/{rel}","templated":true}]}}