{"id":352,"date":"2025-03-13T10:56:03","date_gmt":"2025-03-13T09:56:03","guid":{"rendered":"https:\/\/www.wmwapp.com\/datenschutzbestimmungen\/"},"modified":"2025-03-13T10:56:03","modified_gmt":"2025-03-13T09:56:03","slug":"datenschutzbestimmungen","status":"publish","type":"page","link":"https:\/\/www.wmwapp.com\/de\/datenschutzbestimmungen\/","title":{"rendered":"Datenschutzbestimmungen"},"content":{"rendered":"<div id=\"pl-352\"  class=\"panel-layout\" ><div id=\"pg-352-0\"  class=\"panel-grid panel-has-style\" ><div class=\"gdpr-text panel-row-style panel-row-style-for-352-0\" ><div id=\"pgc-352-0-0\"  class=\"panel-grid-cell panel-grid-cell-empty\" ><\/div><div id=\"pgc-352-0-1\"  class=\"panel-grid-cell panel-grid-cell-mobile-last\" ><div id=\"panel-352-0-1-0\" class=\"so-panel widget widget_sow-editor panel-first-child panel-last-child\" data-index=\"0\" ><div\n\t\t\t\n\t\t\tclass=\"so-widget-sow-editor so-widget-sow-editor-base\"\n\t\t\t\n\t\t>\n<div class=\"siteorigin-widget-tinymce textwidget\">\n\t<p>1.<strong> COMPANY<\/strong> WxW, s.r.o., Sitz: Kellerova 1, 085 01 Bardejov, ID-Nr.: 51 195 771 als f\u00fcr die Verarbeitung Verantwortlicher (im Folgenden \"f\u00fcr die Verarbeitung Verantwortlicher\") garantiert die Sicherheit und den Schutz der anvertrauten personenbezogenen Daten in voller \u00dcbereinstimmung mit der Verordnung (EU) Nr. 2016\/679 des Europ\u00e4ischen Parlaments und des Rates zum Schutz nat\u00fcrlicher Personen bei der Verarbeitung personenbezogener Daten und zum freien Datenverkehr (im Folgenden \"DSGVO\") und mit dem Gesetz Nr. \u00fcber den Schutz personenbezogener Daten und zur \u00c4nderung und Erg\u00e4nzung bestimmter Gesetze in der jeweils geltenden Fassung.  <\/p>\n<p>2. Bei der Nutzung der wmwapp.com-Websites k\u00f6nnen Cookies (Dateien, die die Benutzeraktivit\u00e4ten auf den Websites verfolgen) auf dem Ger\u00e4t gespeichert werden, das f\u00fcr den Zugriff auf die Website verwendet wird. Die Bedingungen f\u00fcr die Speicherung und Verarbeitung von Cookies sind: <\/p>\n<ul>\n<li>Der Nutzer hat jederzeit die M\u00f6glichkeit, in den Einstellungen seines Webbrowsers der Speicherung von Cookies zuzustimmen oder sie abzulehnen - durch Zulassen oder Ablehnen der Speicherung von Cookies.<\/li>\n<li>Cookies k\u00f6nnen auf dem elektronischen Ger\u00e4t des Nutzers gespeichert werden:<\/li>\n<\/ul>\n<ol>\n<li>tempor\u00e4re Cookies, die automatisch gel\u00f6scht werden, wenn der Browser des Nutzers ausgeschaltet wird,<\/li>\n<li>Langzeit-Cookies, die auf dem Webbrowser des Nutzers verbleiben, auch wenn der Nutzer das Ger\u00e4t, mit dem er auf die Website wmwapp.com zugreift, ausgeschaltet hat (diese Cookies k\u00f6nnen vom Nutzer jederzeit gel\u00f6scht werden oder werden nach einigen Wochen oder Monaten automatisch gel\u00f6scht).<\/li>\n<li>Mit seiner Zustimmung gestattet der Nutzer dem Betreiber auch die Verwendung von Cookies f\u00fcr eigene Aufzeichnungs- oder Statistikzwecke und f\u00fcr die Zwecke der gezielten Werbung von Partnern, mit denen er besondere Vereinbarungen f\u00fcr die Anzeige von Werbung auf Websites getroffen hat. Die Zustimmung des Nutzers gilt so lange, wie die Einstellungen des Internetbrowsers des Nutzers beibehalten werden. Durch eine \u00c4nderung der Browsereinstellungen des Nutzers oder durch die Untersagung der Verwendung von Cookies wird die Zustimmung des Nutzers ung\u00fcltig.  <\/li>\n<li>Der Betreiber ist nicht verantwortlich f\u00fcr die Speicherung von Cookies auf Websites Dritter oder die Verwendung von Cookies, die von Dritten auf dem Endger\u00e4t des Nutzers gespeichert werden.<\/li>\n<li>Bei Verweigerung der Zustimmung (Verweigerung von Cookies im Webbrowser) kann der Betreiber die vollst\u00e4ndige Funktionalit\u00e4t der Website wmwapp.com nicht gew\u00e4hrleisten.<\/li>\n<\/ol>\n<p>3.<strong> WELCHE PERSONENBEZOGENEN DATEN WIR VERARBEITEN<\/strong><\/p>\n<ul>\n<li>Personenbezogene Daten aus Kontaktformularen<\/li>\n<\/ul>\n<p>Durch Ausf\u00fcllen des Kontaktformulars auf unserer Website k\u00f6nnen Sie uns um weitere Informationen \u00fcber die von uns angebotenen Produkte und Dienstleistungen bitten. Damit wir Ihnen die erforderliche Dienstleistung oder Information zur Verf\u00fcgung stellen k\u00f6nnen, sind folgende personenbezogene Kontaktdaten erforderlich: Vorname, Nachname, Unternehmen (Arbeitsplatz\/Arbeitgeber) des Nutzers, E-Mail-Adresse, Telefon. <\/p>\n<p>Service-Informationsmeldungen (z.B. Best\u00e4tigung der Formular\u00fcbermittlung) oder Service-E-Mails in abonnierten kostenpflichtigen Diensten (z.B. Vertragsunterlagen, Auftragsbest\u00e4tigung) k\u00f6nnen nicht storniert werden, da sie Teil der erbrachten Leistungen sind.<\/p>\n<ul>\n<li>Versenden von Marketing-E-Mails<\/li>\n<\/ul>\n<p>E-Mails aus der Welt der Online-Nachrichten und des Marketings mit interessanten Inhalten werden Ihnen nur mit Ihrem Einverst\u00e4ndnis zugesandt. Sie k\u00f6nnen Ihr Einverst\u00e4ndnis best\u00e4tigen, indem Sie auf den Link klicken, den wir an Ihren E-Mail-Posteingang senden, um sicherzustellen, dass Sie Ihre Zustimmung f\u00fcr die von Ihnen angegebene E-Mail-Adresse erteilen. Diese Zustimmung ist freiwillig und Sie k\u00f6nnen sie jederzeit per E-Mail oder schriftlich widerrufen.  <\/p>\n<ul>\n<li>Website-Verkehrsstatistiken<\/li>\n<\/ul>\n<p>Unsere Website verwendet Cookies. Die Daten, die wir durch Cookies sammeln, sind anonym und k\u00f6nnen nicht einer bestimmten Person zugeordnet werden. <\/p>\n<p>4.<strong> ART DER VERARBEITUNG PERSONENBEZOGENER DATEN<\/strong><\/p>\n<p>Wir behandeln Ihre personenbezogenen Daten verantwortungsbewusst und in \u00dcbereinstimmung mit den geltenden europ\u00e4ischen Rechtsvorschriften. Wir verwenden manuelle und automatisierte Mittel zur Verarbeitung personenbezogener Daten. Alle Daten werden auf sicheren Servern in der Europ\u00e4ischen Union gespeichert. Die Daten werden nicht au\u00dferhalb der EU offengelegt, \u00fcbertragen oder verarbeitet und werden nicht an Dritte weitergegeben, au\u00dfer an die in Abschnitt 5 dieser Richtlinie aufgef\u00fchrten Stellen und Verarbeiter.    <\/p>\n<p>Alle Daten, die Sie in Online-Formulare eingeben, werden mit SSL-Zertifikaten (Secure Socket Layer) verschl\u00fcsselt. Die Datenverarbeitung erfolgt haupts\u00e4chlich mit Hilfe von Computertechnik, die uns die notwendige Sicherheit bietet, um die Risiken einer unbefugten Manipulation zu verringern oder ihre Zerst\u00f6rung oder ihren Verlust zu verhindern. Personenbezogene Daten werden so weit wie m\u00f6glich durch moderne Technologien gesch\u00fctzt, die dem Stand der technischen Entwicklung und dem Risiko des Missbrauchs entsprechen.  <\/p>\n<p>Der Zugriff auf personenbezogene Daten ist auf wenige befugte und beauftragte Vertreter und Mitarbeiter beschr\u00e4nkt. Wir verpflichten uns, technische und organisatorische Ma\u00dfnahmen zu ergreifen, die den Missbrauch, die Verf\u00e4lschung, den Verlust oder die Zerst\u00f6rung von personenbezogenen Daten verhindern. Wir versichern Ihnen, dass unsere Mitarbeiter verpflichtet sind, die Vertraulichkeit personenbezogener Daten und Sicherheitsma\u00dfnahmen zu wahren, deren Offenlegung die Sicherheit Ihrer personenbezogenen Daten gef\u00e4hrden k\u00f6nnte.  <\/p>\n<p>Wenn Sie ein pers\u00f6nliches Gespr\u00e4ch mit unserem professionellen Berater w\u00fcnschen, der unser bevollm\u00e4chtigter Vertragsvertreter ist, stellen wir ihm Ihre personenbezogenen Daten zur Verf\u00fcgung, um die gew\u00fcnschte Dienstleistung zu erbringen. Er wird Ihre personenbezogenen Daten nur zum Zweck der Erbringung der von Ihnen angeforderten Dienstleistung oder Information und nur f\u00fcr den daf\u00fcr erforderlichen Zeitraum verarbeiten. Der Auftragsverarbeiter wird personenbezogene Daten nur in diesem Umfang und in \u00dcbereinstimmung mit den geltenden Rechtsvorschriften verarbeiten. Wir sch\u00fctzen Ihre personenbezogenen Daten auch durch den Abschluss eines Vertrages, der f\u00fcr die Dauer seiner G\u00fcltigkeit sowie nach seiner Beendigung zur Vertraulichkeit verpflichtet.   <\/p>\n<p>5.<strong> Weitergabe von Daten an Dritte:<\/strong><\/p>\n<p>Ihre von uns verarbeiteten personenbezogenen Daten k\u00f6nnen auch von Dritten verarbeitet werden, sofern dies f\u00fcr die Erf\u00fcllung unserer Verpflichtung gegen\u00fcber Ihnen, unseren Kunden, oder f\u00fcr die Erbringung unserer Dienstleistungen erforderlich ist. Bei der Auswahl dieser Partner achten wir stets darauf, dass ein hohes Schutzniveau f\u00fcr Ihre personenbezogenen Daten gew\u00e4hrleistet ist. <\/p>\n<p>Die personenbezogenen Daten der betroffenen Person k\u00f6nnen in L\u00e4ndern der Europ\u00e4ischen Union und in L\u00e4ndern, die dem Abkommen \u00fcber den Europ\u00e4ischen Wirtschaftsraum angeh\u00f6ren, verarbeitet werden. Die \u00dcbermittlung personenbezogener Daten darf nur in Drittl\u00e4nder erfolgen, deren Rechtsordnung nach Auffassung der Europ\u00e4ischen Kommission ein angemessenes Schutzniveau f\u00fcr personenbezogene Daten gew\u00e4hrleistet. <\/p>\n<p>Sowohl die Auftragsverarbeiter als auch die Unterauftragsverarbeiter sind verpflichtet, Ihre personenbezogenen Daten ausschlie\u00dflich f\u00fcr die in dieser Erkl\u00e4rung beschriebenen Zwecke zu verarbeiten. Ihre Daten werden nicht an Dritte f\u00fcr eine unabh\u00e4ngige Nutzung oder Verarbeitung \u00fcber die in dieser Richtlinie dargelegten Zwecke hinaus weitergegeben. <\/p>\n<p>Die vorliegende Richtlinie zur Verarbeitung personenbezogener Daten kann jederzeit einseitig erg\u00e4nzt oder ge\u00e4ndert werden.<\/p>\n<\/div>\n<\/div><\/div><\/div><div id=\"pgc-352-0-2\"  class=\"panel-grid-cell panel-grid-cell-empty\" ><\/div><\/div><\/div><\/div>","protected":false},"excerpt":{"rendered":"<p>1. COMPANY WxW, s.r.o., Sitz: Kellerova 1, 085 01 Bardejov, ID-Nr.: 51 195 771 als f\u00fcr die Verarbeitung Verantwortlicher (im Folgenden &#8222;f\u00fcr die Verarbeitung Verantwortlicher&#8220;) garantiert die Sicherheit und den Schutz der anvertrauten personenbezogenen Daten in voller \u00dcbereinstimmung mit der Verordnung (EU) Nr. 2016\/679 des Europ\u00e4ischen Parlaments und des Rates zum Schutz nat\u00fcrlicher Personen bei <a href=\"https:\/\/www.wmwapp.com\/de\/datenschutzbestimmungen\/\" class=\"more-link\">&#8230;<span class=\"screen-reader-text\">  Datenschutzbestimmungen<\/span><\/a><\/p>\n","protected":false},"author":1,"featured_media":353,"parent":0,"menu_order":0,"comment_status":"closed","ping_status":"open","template":"","meta":{"_acf_changed":false,"inline_featured_image":false,"footnotes":""},"class_list":["post-352","page","type-page","status-publish","has-post-thumbnail","hentry"],"acf":[],"yoast_head":"<!-- This site is optimized with the Yoast SEO plugin v24.7 - https:\/\/yoast.com\/wordpress\/plugins\/seo\/ -->\n<title>Datenschutzbestimmungen - WMW<\/title>\n<meta name=\"robots\" content=\"index, follow, max-snippet:-1, max-image-preview:large, max-video-preview:-1\" \/>\n<link rel=\"canonical\" href=\"https:\/\/www.wmwapp.com\/de\/datenschutzbestimmungen\/\" \/>\n<meta property=\"og:locale\" content=\"de_DE\" \/>\n<meta property=\"og:type\" content=\"article\" \/>\n<meta property=\"og:title\" content=\"Datenschutzbestimmungen - WMW\" \/>\n<meta property=\"og:description\" content=\"1. COMPANY WxW, s.r.o., Sitz: Kellerova 1, 085 01 Bardejov, ID-Nr.: 51 195 771 als f\u00fcr die Verarbeitung Verantwortlicher (im Folgenden &quot;f\u00fcr die Verarbeitung Verantwortlicher&quot;) garantiert die Sicherheit und den Schutz der anvertrauten personenbezogenen Daten in voller \u00dcbereinstimmung mit der Verordnung (EU) Nr. 2016\/679 des Europ\u00e4ischen Parlaments und des Rates zum Schutz nat\u00fcrlicher Personen bei ... Datenschutzbestimmungen\" \/>\n<meta property=\"og:url\" content=\"https:\/\/www.wmwapp.com\/de\/datenschutzbestimmungen\/\" \/>\n<meta property=\"og:site_name\" content=\"WMW\" \/>\n<meta property=\"og:image\" content=\"https:\/\/www.wmwapp.com\/wp-content\/uploads\/2025\/03\/closeup-persons-hand-holding-interacting-with-black-smartphone.png\" \/>\n\t<meta property=\"og:image:width\" content=\"2500\" \/>\n\t<meta property=\"og:image:height\" content=\"1182\" \/>\n\t<meta property=\"og:image:type\" content=\"image\/png\" \/>\n<meta name=\"twitter:card\" content=\"summary_large_image\" \/>\n<script type=\"application\/ld+json\" class=\"yoast-schema-graph\">{\"@context\":\"https:\/\/schema.org\",\"@graph\":[{\"@type\":\"WebPage\",\"@id\":\"https:\/\/www.wmwapp.com\/de\/datenschutzbestimmungen\/\",\"url\":\"https:\/\/www.wmwapp.com\/de\/datenschutzbestimmungen\/\",\"name\":\"Datenschutzbestimmungen - WMW\",\"isPartOf\":{\"@id\":\"https:\/\/www.wmwapp.com\/de\/#website\"},\"primaryImageOfPage\":{\"@id\":\"https:\/\/www.wmwapp.com\/de\/datenschutzbestimmungen\/#primaryimage\"},\"image\":{\"@id\":\"https:\/\/www.wmwapp.com\/de\/datenschutzbestimmungen\/#primaryimage\"},\"thumbnailUrl\":\"https:\/\/www.wmwapp.com\/wp-content\/uploads\/2025\/03\/closeup-persons-hand-holding-interacting-with-black-smartphone.png\",\"datePublished\":\"2025-03-13T09:56:03+00:00\",\"breadcrumb\":{\"@id\":\"https:\/\/www.wmwapp.com\/de\/datenschutzbestimmungen\/#breadcrumb\"},\"inLanguage\":\"de\",\"potentialAction\":[{\"@type\":\"ReadAction\",\"target\":[\"https:\/\/www.wmwapp.com\/de\/datenschutzbestimmungen\/\"]}]},{\"@type\":\"ImageObject\",\"inLanguage\":\"de\",\"@id\":\"https:\/\/www.wmwapp.com\/de\/datenschutzbestimmungen\/#primaryimage\",\"url\":\"https:\/\/www.wmwapp.com\/wp-content\/uploads\/2025\/03\/closeup-persons-hand-holding-interacting-with-black-smartphone.png\",\"contentUrl\":\"https:\/\/www.wmwapp.com\/wp-content\/uploads\/2025\/03\/closeup-persons-hand-holding-interacting-with-black-smartphone.png\",\"width\":2500,\"height\":1182},{\"@type\":\"BreadcrumbList\",\"@id\":\"https:\/\/www.wmwapp.com\/de\/datenschutzbestimmungen\/#breadcrumb\",\"itemListElement\":[{\"@type\":\"ListItem\",\"position\":1,\"name\":\"Home\",\"item\":\"https:\/\/www.wmwapp.com\/de\/\"},{\"@type\":\"ListItem\",\"position\":2,\"name\":\"Datenschutzbestimmungen\"}]},{\"@type\":\"WebSite\",\"@id\":\"https:\/\/www.wmwapp.com\/de\/#website\",\"url\":\"https:\/\/www.wmwapp.com\/de\/\",\"name\":\"WMW\",\"description\":\"\",\"potentialAction\":[{\"@type\":\"SearchAction\",\"target\":{\"@type\":\"EntryPoint\",\"urlTemplate\":\"https:\/\/www.wmwapp.com\/de\/?s={search_term_string}\"},\"query-input\":{\"@type\":\"PropertyValueSpecification\",\"valueRequired\":true,\"valueName\":\"search_term_string\"}}],\"inLanguage\":\"de\"}]}<\/script>\n<!-- \/ Yoast SEO plugin. -->","yoast_head_json":{"title":"Datenschutzbestimmungen - WMW","robots":{"index":"index","follow":"follow","max-snippet":"max-snippet:-1","max-image-preview":"max-image-preview:large","max-video-preview":"max-video-preview:-1"},"canonical":"https:\/\/www.wmwapp.com\/de\/datenschutzbestimmungen\/","og_locale":"de_DE","og_type":"article","og_title":"Datenschutzbestimmungen - WMW","og_description":"1. COMPANY WxW, s.r.o., Sitz: Kellerova 1, 085 01 Bardejov, ID-Nr.: 51 195 771 als f\u00fcr die Verarbeitung Verantwortlicher (im Folgenden \"f\u00fcr die Verarbeitung Verantwortlicher\") garantiert die Sicherheit und den Schutz der anvertrauten personenbezogenen Daten in voller \u00dcbereinstimmung mit der Verordnung (EU) Nr. 2016\/679 des Europ\u00e4ischen Parlaments und des Rates zum Schutz nat\u00fcrlicher Personen bei ... Datenschutzbestimmungen","og_url":"https:\/\/www.wmwapp.com\/de\/datenschutzbestimmungen\/","og_site_name":"WMW","og_image":[{"width":2500,"height":1182,"url":"https:\/\/www.wmwapp.com\/wp-content\/uploads\/2025\/03\/closeup-persons-hand-holding-interacting-with-black-smartphone.png","type":"image\/png"}],"twitter_card":"summary_large_image","schema":{"@context":"https:\/\/schema.org","@graph":[{"@type":"WebPage","@id":"https:\/\/www.wmwapp.com\/de\/datenschutzbestimmungen\/","url":"https:\/\/www.wmwapp.com\/de\/datenschutzbestimmungen\/","name":"Datenschutzbestimmungen - WMW","isPartOf":{"@id":"https:\/\/www.wmwapp.com\/de\/#website"},"primaryImageOfPage":{"@id":"https:\/\/www.wmwapp.com\/de\/datenschutzbestimmungen\/#primaryimage"},"image":{"@id":"https:\/\/www.wmwapp.com\/de\/datenschutzbestimmungen\/#primaryimage"},"thumbnailUrl":"https:\/\/www.wmwapp.com\/wp-content\/uploads\/2025\/03\/closeup-persons-hand-holding-interacting-with-black-smartphone.png","datePublished":"2025-03-13T09:56:03+00:00","breadcrumb":{"@id":"https:\/\/www.wmwapp.com\/de\/datenschutzbestimmungen\/#breadcrumb"},"inLanguage":"de","potentialAction":[{"@type":"ReadAction","target":["https:\/\/www.wmwapp.com\/de\/datenschutzbestimmungen\/"]}]},{"@type":"ImageObject","inLanguage":"de","@id":"https:\/\/www.wmwapp.com\/de\/datenschutzbestimmungen\/#primaryimage","url":"https:\/\/www.wmwapp.com\/wp-content\/uploads\/2025\/03\/closeup-persons-hand-holding-interacting-with-black-smartphone.png","contentUrl":"https:\/\/www.wmwapp.com\/wp-content\/uploads\/2025\/03\/closeup-persons-hand-holding-interacting-with-black-smartphone.png","width":2500,"height":1182},{"@type":"BreadcrumbList","@id":"https:\/\/www.wmwapp.com\/de\/datenschutzbestimmungen\/#breadcrumb","itemListElement":[{"@type":"ListItem","position":1,"name":"Home","item":"https:\/\/www.wmwapp.com\/de\/"},{"@type":"ListItem","position":2,"name":"Datenschutzbestimmungen"}]},{"@type":"WebSite","@id":"https:\/\/www.wmwapp.com\/de\/#website","url":"https:\/\/www.wmwapp.com\/de\/","name":"WMW","description":"","potentialAction":[{"@type":"SearchAction","target":{"@type":"EntryPoint","urlTemplate":"https:\/\/www.wmwapp.com\/de\/?s={search_term_string}"},"query-input":{"@type":"PropertyValueSpecification","valueRequired":true,"valueName":"search_term_string"}}],"inLanguage":"de"}]}},"_links":{"self":[{"href":"https:\/\/www.wmwapp.com\/de\/wp-json\/wp\/v2\/pages\/352","targetHints":{"allow":["GET"]}}],"collection":[{"href":"https:\/\/www.wmwapp.com\/de\/wp-json\/wp\/v2\/pages"}],"about":[{"href":"https:\/\/www.wmwapp.com\/de\/wp-json\/wp\/v2\/types\/page"}],"author":[{"embeddable":true,"href":"https:\/\/www.wmwapp.com\/de\/wp-json\/wp\/v2\/users\/1"}],"replies":[{"embeddable":true,"href":"https:\/\/www.wmwapp.com\/de\/wp-json\/wp\/v2\/comments?post=352"}],"version-history":[{"count":0,"href":"https:\/\/www.wmwapp.com\/de\/wp-json\/wp\/v2\/pages\/352\/revisions"}],"wp:featuredmedia":[{"embeddable":true,"href":"https:\/\/www.wmwapp.com\/de\/wp-json\/wp\/v2\/media\/353"}],"wp:attachment":[{"href":"https:\/\/www.wmwapp.com\/de\/wp-json\/wp\/v2\/media?parent=352"}],"curies":[{"name":"wp","href":"https:\/\/api.w.org\/{rel}","templated":true}]}}